{"id":1080,"date":"2022-12-21T09:04:40","date_gmt":"2022-12-21T14:04:40","guid":{"rendered":"https:\/\/07capital.ca\/a-propos\/"},"modified":"2023-01-18T15:53:07","modified_gmt":"2023-01-18T20:53:07","slug":"a-propos","status":"publish","type":"page","link":"https:\/\/07capital.ca\/fr\/a-propos\/","title":{"rendered":"\u00c0 propos"},"content":{"rendered":"\t\t<div data-elementor-type=\"wp-page\" data-elementor-id=\"1080\" class=\"elementor elementor-1080 elementor-13\" data-elementor-post-type=\"page\">\n\t\t\t\t\t\t<section data-dce-background-image-url=\"http:\/\/07capital.ca\/wp-content\/uploads\/2022\/12\/07c_img_about_us_header.jpeg\" class=\"elementor-section elementor-top-section elementor-element elementor-element-3affb01 elementor-section-height-min-height elementor-section-full_width elementor-section-items-stretch elementor-section-content-middle overflow-hidden elementor-section-height-default\" data-id=\"3affb01\" data-element_type=\"section\" data-e-type=\"section\" data-settings=\"{&quot;background_background&quot;:&quot;classic&quot;}\">\n\t\t\t\t\t\t\t<div class=\"elementor-background-overlay\"><\/div>\n\t\t\t\t\t\t\t<div class=\"elementor-container elementor-column-gap-default\">\n\t\t\t\t\t<div class=\"elementor-column elementor-col-100 elementor-top-column elementor-element elementor-element-3d595a1\" data-id=\"3d595a1\" data-element_type=\"column\" data-e-type=\"column\">\n\t\t\t<div class=\"elementor-widget-wrap elementor-element-populated\">\n\t\t\t\t\t\t<section class=\"elementor-section elementor-inner-section elementor-element elementor-element-2715324 elementor-section-boxed elementor-section-height-default elementor-section-height-default\" data-id=\"2715324\" data-element_type=\"section\" data-e-type=\"section\" data-settings=\"{&quot;background_background&quot;:&quot;classic&quot;}\">\n\t\t\t\t\t\t\t<div class=\"elementor-background-overlay\"><\/div>\n\t\t\t\t\t\t\t<div class=\"elementor-container elementor-column-gap-default\">\n\t\t\t\t\t<div class=\"elementor-column elementor-col-100 elementor-inner-column elementor-element elementor-element-c3034db\" data-id=\"c3034db\" data-element_type=\"column\" data-e-type=\"column\">\n\t\t\t<div class=\"elementor-widget-wrap elementor-element-populated\">\n\t\t\t\t\t\t\t<\/div>\n\t\t<\/div>\n\t\t\t\t\t<\/div>\n\t\t<\/section>\n\t\t\t\t<div class=\"elementor-element elementor-element-09c8eb7 elementor-widget__width-auto elementor-absolute animated-slow elementor-invisible elementor-widget elementor-widget-image\" data-id=\"09c8eb7\" data-element_type=\"widget\" data-e-type=\"widget\" data-settings=\"{&quot;_position&quot;:&quot;absolute&quot;,&quot;_animation&quot;:&quot;rotateIn&quot;,&quot;_animation_delay&quot;:1000}\" data-widget_type=\"image.default\">\n\t\t\t\t<div class=\"elementor-widget-container\">\n\t\t\t\t\t\t\t\t\t\t\t\t\t\t\t<img fetchpriority=\"high\" decoding=\"async\" width=\"715\" height=\"714\" src=\"https:\/\/07capital.ca\/wp-content\/uploads\/2022\/12\/07c-detail-explosion-white.svg\" class=\"attachment-large size-large wp-image-1054\" alt=\"\" \/>\t\t\t\t\t\t\t\t\t\t\t\t\t\t\t<\/div>\n\t\t\t\t<\/div>\n\t\t\t\t<div class=\"elementor-element elementor-element-182384c elementor-widget__width-auto elementor-absolute animated-slow elementor-invisible elementor-widget elementor-widget-image\" data-id=\"182384c\" data-element_type=\"widget\" data-e-type=\"widget\" data-settings=\"{&quot;_position&quot;:&quot;absolute&quot;,&quot;_animation&quot;:&quot;fadeInUp&quot;,&quot;_animation_delay&quot;:1000}\" data-widget_type=\"image.default\">\n\t\t\t\t<div class=\"elementor-widget-container\">\n\t\t\t\t\t\t\t\t\t\t\t\t\t\t\t<img decoding=\"async\" width=\"800\" height=\"325\" src=\"https:\/\/07capital.ca\/wp-content\/uploads\/2022\/12\/07c-detail-logo.svg\" class=\"attachment-large size-large wp-image-1055\" alt=\"\" \/>\t\t\t\t\t\t\t\t\t\t\t\t\t\t\t<\/div>\n\t\t\t\t<\/div>\n\t\t\t\t\t<\/div>\n\t\t<\/div>\n\t\t\t\t\t<\/div>\n\t\t<\/section>\n\t\t\t\t<section class=\"elementor-section elementor-top-section elementor-element elementor-element-64d4fe2 elementor-section-full_width overflow-hidden elementor-section-height-default elementor-section-height-default\" data-id=\"64d4fe2\" data-element_type=\"section\" data-e-type=\"section\">\n\t\t\t\t\t\t<div class=\"elementor-container elementor-column-gap-default\">\n\t\t\t\t\t<div class=\"elementor-column elementor-col-100 elementor-top-column elementor-element elementor-element-58a3792\" data-id=\"58a3792\" data-element_type=\"column\" data-e-type=\"column\">\n\t\t\t<div class=\"elementor-widget-wrap elementor-element-populated\">\n\t\t\t\t\t\t<section class=\"elementor-section elementor-inner-section elementor-element elementor-element-9737795 elementor-section-content-middle elementor-reverse-mobile_extra elementor-reverse-mobile elementor-section-boxed elementor-section-height-default elementor-section-height-default\" data-id=\"9737795\" data-element_type=\"section\" data-e-type=\"section\">\n\t\t\t\t\t\t<div class=\"elementor-container elementor-column-gap-default\">\n\t\t\t\t\t<div class=\"elementor-column elementor-col-33 elementor-inner-column elementor-element elementor-element-143b4db animated-slow elementor-invisible\" data-id=\"143b4db\" data-element_type=\"column\" data-e-type=\"column\" data-settings=\"{&quot;background_background&quot;:&quot;classic&quot;,&quot;animation&quot;:&quot;zoomIn&quot;}\">\n\t\t\t<div class=\"elementor-widget-wrap elementor-element-populated\">\n\t\t\t\t\t\t<div class=\"elementor-element elementor-element-993e8e3 elementor-widget__width-auto elementor-absolute elementor-widget elementor-widget-image\" data-id=\"993e8e3\" data-element_type=\"widget\" data-e-type=\"widget\" data-settings=\"{&quot;_position&quot;:&quot;absolute&quot;}\" data-widget_type=\"image.default\">\n\t\t\t\t<div class=\"elementor-widget-container\">\n\t\t\t\t\t\t\t\t\t\t\t\t\t\t\t<img decoding=\"async\" width=\"46\" height=\"46\" src=\"https:\/\/07capital.ca\/wp-content\/uploads\/2022\/12\/07c-detail-circle-red.svg\" class=\"attachment-large size-large wp-image-1051\" alt=\"\" \/>\t\t\t\t\t\t\t\t\t\t\t\t\t\t\t<\/div>\n\t\t\t\t<\/div>\n\t\t\t\t<div class=\"elementor-element elementor-element-b0ed4c7 elementor-widget__width-auto elementor-absolute elementor-widget elementor-widget-image\" data-id=\"b0ed4c7\" data-element_type=\"widget\" data-e-type=\"widget\" data-settings=\"{&quot;_position&quot;:&quot;absolute&quot;}\" data-widget_type=\"image.default\">\n\t\t\t\t<div class=\"elementor-widget-container\">\n\t\t\t\t\t\t\t\t\t\t\t\t\t\t\t<img loading=\"lazy\" decoding=\"async\" width=\"46\" height=\"46\" src=\"https:\/\/07capital.ca\/wp-content\/uploads\/2022\/12\/07c-detail-circle-black.svg\" class=\"attachment-large size-large wp-image-1050\" alt=\"\" \/>\t\t\t\t\t\t\t\t\t\t\t\t\t\t\t<\/div>\n\t\t\t\t<\/div>\n\t\t\t\t<div class=\"elementor-element elementor-element-e2a62f9 elementor-widget elementor-widget-image\" data-id=\"e2a62f9\" data-element_type=\"widget\" data-e-type=\"widget\" data-widget_type=\"image.default\">\n\t\t\t\t<div class=\"elementor-widget-container\">\n\t\t\t\t\t\t\t\t\t\t\t\t\t\t\t<img loading=\"lazy\" decoding=\"async\" width=\"872\" height=\"654\" src=\"https:\/\/07capital.ca\/wp-content\/uploads\/2022\/12\/07c-img-where-it-all-started.png\" class=\"attachment-full size-full wp-image-1063\" alt=\"\" srcset=\"https:\/\/07capital.ca\/wp-content\/uploads\/2022\/12\/07c-img-where-it-all-started.png 872w, https:\/\/07capital.ca\/wp-content\/uploads\/2022\/12\/07c-img-where-it-all-started-300x225.png 300w, https:\/\/07capital.ca\/wp-content\/uploads\/2022\/12\/07c-img-where-it-all-started-768x576.png 768w\" sizes=\"(max-width: 872px) 100vw, 872px\" \/>\t\t\t\t\t\t\t\t\t\t\t\t\t\t\t<\/div>\n\t\t\t\t<\/div>\n\t\t\t\t\t<\/div>\n\t\t<\/div>\n\t\t\t\t<div class=\"elementor-column elementor-col-66 elementor-inner-column elementor-element elementor-element-f598834\" data-id=\"f598834\" data-element_type=\"column\" data-e-type=\"column\">\n\t\t\t<div class=\"elementor-widget-wrap elementor-element-populated\">\n\t\t\t\t\t\t<div class=\"elementor-element elementor-element-a0c8d96 animated-slow elementor-invisible elementor-widget elementor-widget-heading\" data-id=\"a0c8d96\" data-element_type=\"widget\" data-e-type=\"widget\" data-settings=\"{&quot;_animation&quot;:&quot;fadeIn&quot;}\" data-widget_type=\"heading.default\">\n\t\t\t\t<div class=\"elementor-widget-container\">\n\t\t\t\t\t<h6 class=\"elementor-heading-title elementor-size-default\">\u00c0 propos de nous<\/h6>\t\t\t\t<\/div>\n\t\t\t\t<\/div>\n\t\t\t\t<div class=\"elementor-element elementor-element-4e2d343 animated-slow elementor-invisible elementor-widget elementor-widget-heading\" data-id=\"4e2d343\" data-element_type=\"widget\" data-e-type=\"widget\" data-settings=\"{&quot;_animation&quot;:&quot;fadeIn&quot;,&quot;_animation_delay&quot;:100}\" data-widget_type=\"heading.default\">\n\t\t\t\t<div class=\"elementor-widget-container\">\n\t\t\t\t\t<h2 class=\"elementor-heading-title elementor-size-default\">O\u00f9 tout a commenc\u00e9.<\/h2>\t\t\t\t<\/div>\n\t\t\t\t<\/div>\n\t\t\t\t<div class=\"elementor-element elementor-element-fab1c82 animated-slow elementor-invisible elementor-widget elementor-widget-text-editor\" data-id=\"fab1c82\" data-element_type=\"widget\" data-e-type=\"widget\" data-settings=\"{&quot;_animation&quot;:&quot;fadeIn&quot;,&quot;_animation_delay&quot;:200}\" data-widget_type=\"text-editor.default\">\n\t\t\t\t<div class=\"elementor-widget-container\">\n\t\t\t\t\t\t\t\t\t<p>En 2005, nous sommes d\u00e9m\u00e9nag\u00e9s d\u2019Aylmer pour que mon conjoint poursuive une carri\u00e8re en s\u00e9curit\u00e9 publique. Nous avons v\u00e9cu dans plusieurs villes du Manitoba pendant 7 ans, ce qui nous a donn\u00e9 l\u2019occasion de voir le march\u00e9 immobilier dans d\u2019autres r\u00e9gions. Nous sommes reconnaissants pour les connaissances et l\u2019exp\u00e9rience acquises gr\u00e2ce \u00e0 nos affectations.<\/p>\n<p>Depuis notre retour \u00e0 la maison, nous sommes les heureux parents de Liam et Emma qui ont respectivement 9 et 8 ans. Ils nous tiennent bien occup\u00e9s avec leurs nombreuses activit\u00e9s sportives!<\/p>\n<p>Je suis courtier immobilier depuis 8 ans et j&rsquo;ai d\u00fb m\u2019adapter aux cycles du march\u00e9 et apprendre quand et comment \u00eatre proactive dans le monde de l\u2019immobilier. Depuis le d\u00e9but de ma carri\u00e8re, j\u2019ai remport\u00e9 de nombreux prix, de la recrue de l\u2019ann\u00e9e \u00e0 un triple prix d\u2019or l\u2019ann\u00e9e derni\u00e8re. J\u2019ai beaucoup appris au cours de ce parcours et je suis enthousiaste \u00e0 l\u2019id\u00e9e d\u2019offrir mes connaissances et mon exp\u00e9rience.<\/p>\n<p>De plus, le fait d\u2019\u00eatre gestionnaire de nos propres propri\u00e9t\u00e9s, nous a permis de d\u00e9velopper notre exp\u00e9rience au point de pouvoir partager nos comp\u00e9tences et aider les autres.<\/p>\n\t\t\t\t\t\t\t\t<\/div>\n\t\t\t\t<\/div>\n\t\t\t\t\t<\/div>\n\t\t<\/div>\n\t\t\t\t\t<\/div>\n\t\t<\/section>\n\t\t\t\t<div class=\"elementor-element elementor-element-8e7db5c elementor-widget__width-auto elementor-absolute animated-slow elementor-invisible elementor-widget elementor-widget-image\" data-id=\"8e7db5c\" data-element_type=\"widget\" data-e-type=\"widget\" data-settings=\"{&quot;_position&quot;:&quot;absolute&quot;,&quot;_animation&quot;:&quot;rotateIn&quot;,&quot;_animation_delay&quot;:1000}\" data-widget_type=\"image.default\">\n\t\t\t\t<div class=\"elementor-widget-container\">\n\t\t\t\t\t\t\t\t\t\t\t\t\t\t\t<img loading=\"lazy\" decoding=\"async\" width=\"715\" height=\"714\" src=\"https:\/\/07capital.ca\/wp-content\/uploads\/2022\/12\/07c-detail-explosion-gray.svg\" class=\"attachment-large size-large wp-image-1053\" alt=\"\" \/>\t\t\t\t\t\t\t\t\t\t\t\t\t\t\t<\/div>\n\t\t\t\t<\/div>\n\t\t\t\t\t<\/div>\n\t\t<\/div>\n\t\t\t\t\t<\/div>\n\t\t<\/section>\n\t\t\t\t<section class=\"elementor-section elementor-top-section elementor-element elementor-element-7a0e6e6 elementor-section-full_width overflow-hidden elementor-section-height-default elementor-section-height-default\" data-id=\"7a0e6e6\" data-element_type=\"section\" data-e-type=\"section\" data-settings=\"{&quot;background_background&quot;:&quot;classic&quot;}\">\n\t\t\t\t\t\t<div class=\"elementor-container elementor-column-gap-default\">\n\t\t\t\t\t<div class=\"elementor-column elementor-col-100 elementor-top-column elementor-element elementor-element-9bc36ad\" data-id=\"9bc36ad\" data-element_type=\"column\" data-e-type=\"column\">\n\t\t\t<div class=\"elementor-widget-wrap elementor-element-populated\">\n\t\t\t\t\t\t<section class=\"elementor-section elementor-inner-section elementor-element elementor-element-25ab7b8 elementor-section-content-middle elementor-section-boxed elementor-section-height-default elementor-section-height-default\" data-id=\"25ab7b8\" data-element_type=\"section\" data-e-type=\"section\">\n\t\t\t\t\t\t<div class=\"elementor-container elementor-column-gap-default\">\n\t\t\t\t\t<div class=\"elementor-column elementor-col-66 elementor-inner-column elementor-element elementor-element-e8ec76a\" data-id=\"e8ec76a\" data-element_type=\"column\" data-e-type=\"column\">\n\t\t\t<div class=\"elementor-widget-wrap elementor-element-populated\">\n\t\t\t\t\t\t<div class=\"elementor-element elementor-element-2d4d774 animated-slow elementor-invisible elementor-widget elementor-widget-heading\" data-id=\"2d4d774\" data-element_type=\"widget\" data-e-type=\"widget\" data-settings=\"{&quot;_animation&quot;:&quot;fadeIn&quot;}\" data-widget_type=\"heading.default\">\n\t\t\t\t<div class=\"elementor-widget-container\">\n\t\t\t\t\t<h6 class=\"elementor-heading-title elementor-size-default\">\u00c0 propos de nous<\/h6>\t\t\t\t<\/div>\n\t\t\t\t<\/div>\n\t\t\t\t<div class=\"elementor-element elementor-element-f31a7fb animated-slow elementor-invisible elementor-widget elementor-widget-heading\" data-id=\"f31a7fb\" data-element_type=\"widget\" data-e-type=\"widget\" data-settings=\"{&quot;_animation&quot;:&quot;fadeIn&quot;,&quot;_animation_delay&quot;:100}\" data-widget_type=\"heading.default\">\n\t\t\t\t<div class=\"elementor-widget-container\">\n\t\t\t\t\t<h2 class=\"elementor-heading-title elementor-size-default\">07. Capital &amp; Property Management est en place pour vous assister!<\/h2>\t\t\t\t<\/div>\n\t\t\t\t<\/div>\n\t\t\t\t<div class=\"elementor-element elementor-element-4573fd3 animated-slow elementor-invisible elementor-widget elementor-widget-text-editor\" data-id=\"4573fd3\" data-element_type=\"widget\" data-e-type=\"widget\" data-settings=\"{&quot;_animation&quot;:&quot;fadeIn&quot;,&quot;_animation_delay&quot;:200}\" data-widget_type=\"text-editor.default\">\n\t\t\t\t<div class=\"elementor-widget-container\">\n\t\t\t\t\t\t\t\t\t<p>Laissez les experts de l\u2019industrie vous aider afin que vous puissiez continuer \u00e0 faire cro\u00eetre vos investissements tout en continuant \u00e0 faire ce que vous faites le mieux. Avec toutes les connaissances et l\u2019exp\u00e9rience que nous apportons \u00e0 la table, vos investissements continueront \u00e0 fructifier et vous continuerez d\u2019avoir plus de TEMPS.<\/p>\n\t\t\t\t\t\t\t\t<\/div>\n\t\t\t\t<\/div>\n\t\t\t\t<div data-dce-background-color=\"#E41E2D\" class=\"elementor-element elementor-element-caea30f elementor-align-left animated-slow elementor-mobile_extra-align-center elementor-invisible elementor-widget elementor-widget-button\" data-id=\"caea30f\" data-element_type=\"widget\" data-e-type=\"widget\" data-settings=\"{&quot;_animation&quot;:&quot;fadeIn&quot;,&quot;_animation_delay&quot;:300}\" data-widget_type=\"button.default\">\n\t\t\t\t<div class=\"elementor-widget-container\">\n\t\t\t\t\t\t\t\t\t<div class=\"elementor-button-wrapper\">\n\t\t\t\t\t<a class=\"elementor-button elementor-button-link elementor-size-sm\" href=\"https:\/\/07capital.ca\/fr\/contact\/\">\n\t\t\t\t\t\t<span class=\"elementor-button-content-wrapper\">\n\t\t\t\t\t\t\t\t\t<span class=\"elementor-button-text\">Tout commence ici.<\/span>\n\t\t\t\t\t<\/span>\n\t\t\t\t\t<\/a>\n\t\t\t\t<\/div>\n\t\t\t\t\t\t\t\t<\/div>\n\t\t\t\t<\/div>\n\t\t\t\t\t<\/div>\n\t\t<\/div>\n\t\t\t\t<div class=\"elementor-column elementor-col-33 elementor-inner-column elementor-element elementor-element-7ac6f3e animated-slow elementor-invisible\" data-id=\"7ac6f3e\" data-element_type=\"column\" data-e-type=\"column\" data-settings=\"{&quot;background_background&quot;:&quot;classic&quot;,&quot;animation&quot;:&quot;zoomIn&quot;}\">\n\t\t\t<div class=\"elementor-widget-wrap elementor-element-populated\">\n\t\t\t\t\t\t<div class=\"elementor-element elementor-element-2a68533 elementor-widget__width-auto elementor-absolute elementor-widget elementor-widget-image\" data-id=\"2a68533\" data-element_type=\"widget\" data-e-type=\"widget\" data-settings=\"{&quot;_position&quot;:&quot;absolute&quot;}\" data-widget_type=\"image.default\">\n\t\t\t\t<div class=\"elementor-widget-container\">\n\t\t\t\t\t\t\t\t\t\t\t\t\t\t\t<img decoding=\"async\" width=\"46\" height=\"46\" src=\"https:\/\/07capital.ca\/wp-content\/uploads\/2022\/12\/07c-detail-circle-red.svg\" class=\"attachment-large size-large wp-image-1051\" alt=\"\" \/>\t\t\t\t\t\t\t\t\t\t\t\t\t\t\t<\/div>\n\t\t\t\t<\/div>\n\t\t\t\t<div class=\"elementor-element elementor-element-a515d3e elementor-widget__width-auto elementor-absolute elementor-widget elementor-widget-image\" data-id=\"a515d3e\" data-element_type=\"widget\" data-e-type=\"widget\" data-settings=\"{&quot;_position&quot;:&quot;absolute&quot;}\" data-widget_type=\"image.default\">\n\t\t\t\t<div class=\"elementor-widget-container\">\n\t\t\t\t\t\t\t\t\t\t\t\t\t\t\t<img loading=\"lazy\" decoding=\"async\" width=\"46\" height=\"46\" src=\"https:\/\/07capital.ca\/wp-content\/uploads\/2022\/12\/07c-detail-circle-white.svg.svg\" class=\"attachment-large size-large wp-image-1052\" alt=\"\" \/>\t\t\t\t\t\t\t\t\t\t\t\t\t\t\t<\/div>\n\t\t\t\t<\/div>\n\t\t\t\t<div class=\"elementor-element elementor-element-bd713c6 elementor-widget elementor-widget-image\" data-id=\"bd713c6\" data-element_type=\"widget\" data-e-type=\"widget\" data-widget_type=\"image.default\">\n\t\t\t\t<div class=\"elementor-widget-container\">\n\t\t\t\t\t\t\t\t\t\t\t\t\t\t\t<img loading=\"lazy\" decoding=\"async\" width=\"2000\" height=\"1338\" src=\"https:\/\/07capital.ca\/wp-content\/uploads\/2022\/12\/07c_img_experience_services.jpeg\" class=\"attachment-full size-full wp-image-1040\" alt=\"\" srcset=\"https:\/\/07capital.ca\/wp-content\/uploads\/2022\/12\/07c_img_experience_services.jpeg 2000w, https:\/\/07capital.ca\/wp-content\/uploads\/2022\/12\/07c_img_experience_services-300x201.jpeg 300w, https:\/\/07capital.ca\/wp-content\/uploads\/2022\/12\/07c_img_experience_services-1024x685.jpeg 1024w, https:\/\/07capital.ca\/wp-content\/uploads\/2022\/12\/07c_img_experience_services-768x514.jpeg 768w, https:\/\/07capital.ca\/wp-content\/uploads\/2022\/12\/07c_img_experience_services-1536x1028.jpeg 1536w\" sizes=\"(max-width: 2000px) 100vw, 2000px\" \/>\t\t\t\t\t\t\t\t\t\t\t\t\t\t\t<\/div>\n\t\t\t\t<\/div>\n\t\t\t\t\t<\/div>\n\t\t<\/div>\n\t\t\t\t\t<\/div>\n\t\t<\/section>\n\t\t\t\t\t<\/div>\n\t\t<\/div>\n\t\t\t\t\t<\/div>\n\t\t<\/section>\n\t\t\t\t<section class=\"elementor-section elementor-top-section elementor-element elementor-element-4a348b0 elementor-section-height-min-height elementor-section-items-stretch elementor-section-content-middle overflow-hidden elementor-section-full_width elementor-section-height-default\" data-id=\"4a348b0\" data-element_type=\"section\" data-e-type=\"section\" data-settings=\"{&quot;background_background&quot;:&quot;classic&quot;}\">\n\t\t\t\t\t\t<div class=\"elementor-container elementor-column-gap-default\">\n\t\t\t\t\t<div class=\"elementor-column elementor-col-100 elementor-top-column elementor-element elementor-element-07efa64\" data-id=\"07efa64\" data-element_type=\"column\" data-e-type=\"column\">\n\t\t\t<div class=\"elementor-widget-wrap elementor-element-populated\">\n\t\t\t\t\t\t<section class=\"elementor-section elementor-inner-section elementor-element elementor-element-4137041 elementor-section-boxed elementor-section-height-default elementor-section-height-default\" data-id=\"4137041\" data-element_type=\"section\" data-e-type=\"section\" data-settings=\"{&quot;background_background&quot;:&quot;classic&quot;}\">\n\t\t\t\t\t\t\t<div class=\"elementor-background-overlay\"><\/div>\n\t\t\t\t\t\t\t<div class=\"elementor-container elementor-column-gap-default\">\n\t\t\t\t\t<div class=\"elementor-column elementor-col-100 elementor-inner-column elementor-element elementor-element-13d186a\" data-id=\"13d186a\" data-element_type=\"column\" data-e-type=\"column\">\n\t\t\t<div class=\"elementor-widget-wrap elementor-element-populated\">\n\t\t\t\t\t\t<div class=\"elementor-element elementor-element-4d13a23 animated-slow elementor-invisible elementor-widget elementor-widget-heading\" data-id=\"4d13a23\" data-element_type=\"widget\" data-e-type=\"widget\" data-settings=\"{&quot;_animation&quot;:&quot;fadeIn&quot;}\" data-widget_type=\"heading.default\">\n\t\t\t\t<div class=\"elementor-widget-container\">\n\t\t\t\t\t<h6 class=\"elementor-heading-title elementor-size-default\">Nos Services<\/h6>\t\t\t\t<\/div>\n\t\t\t\t<\/div>\n\t\t\t\t<div class=\"elementor-element elementor-element-476c083 animated-slow elementor-invisible elementor-widget elementor-widget-heading\" data-id=\"476c083\" data-element_type=\"widget\" data-e-type=\"widget\" data-settings=\"{&quot;_animation&quot;:&quot;fadeIn&quot;,&quot;_animation_delay&quot;:100}\" data-widget_type=\"heading.default\">\n\t\t\t\t<div class=\"elementor-widget-container\">\n\t\t\t\t\t<h2 class=\"elementor-heading-title elementor-size-default\">Quelle est notre vision ?<\/h2>\t\t\t\t<\/div>\n\t\t\t\t<\/div>\n\t\t\t\t<div data-dce-text-color=\"#FFFFFF\" class=\"elementor-element elementor-element-58f5aca animated-slow elementor-invisible elementor-widget elementor-widget-text-editor\" data-id=\"58f5aca\" data-element_type=\"widget\" data-e-type=\"widget\" data-settings=\"{&quot;_animation&quot;:&quot;fadeIn&quot;,&quot;_animation_delay&quot;:200}\" data-widget_type=\"text-editor.default\">\n\t\t\t\t<div class=\"elementor-widget-container\">\n\t\t\t\t\t\t\t\t\t<p>CROISSANCE. Nous voulons vous aider \u00e0 g\u00e9n\u00e9rer des b\u00e9n\u00e9fices dans un environnement sans tracas. Nous voulons vous aider \u00e0 faire cro\u00eetre vos investissements dans l&rsquo;immobilier.<\/p>\n\t\t\t\t\t\t\t\t<\/div>\n\t\t\t\t<\/div>\n\t\t\t\t\t<\/div>\n\t\t<\/div>\n\t\t\t\t\t<\/div>\n\t\t<\/section>\n\t\t\t\t<div class=\"elementor-element elementor-element-138a195 elementor-widget__width-auto elementor-absolute animated-slow elementor-invisible elementor-widget elementor-widget-image\" data-id=\"138a195\" data-element_type=\"widget\" data-e-type=\"widget\" data-settings=\"{&quot;_position&quot;:&quot;absolute&quot;,&quot;_animation&quot;:&quot;rotateIn&quot;,&quot;_animation_delay&quot;:1000}\" data-widget_type=\"image.default\">\n\t\t\t\t<div class=\"elementor-widget-container\">\n\t\t\t\t\t\t\t\t\t\t\t\t\t\t\t<img loading=\"lazy\" decoding=\"async\" width=\"715\" height=\"714\" src=\"https:\/\/07capital.ca\/wp-content\/uploads\/2022\/12\/07c-detail-explosion-gray.svg\" class=\"attachment-large size-large wp-image-1053\" alt=\"\" \/>\t\t\t\t\t\t\t\t\t\t\t\t\t\t\t<\/div>\n\t\t\t\t<\/div>\n\t\t\t\t\t<\/div>\n\t\t<\/div>\n\t\t\t\t\t<\/div>\n\t\t<\/section>\n\t\t\t\t<\/div>\n\t\t","protected":false},"excerpt":{"rendered":"<p>\u00c0 propos de nous O\u00f9 tout a commenc\u00e9. En 2005, nous sommes d\u00e9m\u00e9nag\u00e9s d\u2019Aylmer pour que mon conjoint poursuive une carri\u00e8re en s\u00e9curit\u00e9 publique. Nous avons v\u00e9cu dans plusieurs villes du Manitoba pendant 7 ans, ce qui nous a donn\u00e9 l\u2019occasion de voir le march\u00e9 immobilier dans d\u2019autres r\u00e9gions. Nous sommes reconnaissants pour les connaissances [&hellip;]<\/p>\n","protected":false},"author":1,"featured_media":0,"parent":0,"menu_order":0,"comment_status":"closed","ping_status":"closed","template":"","meta":{"_acf_changed":false,"_seopress_robots_primary_cat":"","_seopress_titles_title":"","_seopress_titles_desc":"Depuis le d\u00e9but de ma carri\u00e8re, j\u2019ai remport\u00e9 de nombreux prix, de la recrue de l\u2019ann\u00e9e \u00e0 un triple prix d\u2019or l\u2019ann\u00e9e derni\u00e8re. J\u2019ai beaucoup appris au cours de ce parcours et je suis enthousiaste \u00e0 l\u2019id\u00e9e d\u2019offrir mes connaissances et mon exp\u00e9rience.","_seopress_robots_index":"","footnotes":""},"class_list":["post-1080","page","type-page","status-publish","hentry"],"acf":[],"_links":{"self":[{"href":"https:\/\/07capital.ca\/fr\/wp-json\/wp\/v2\/pages\/1080","targetHints":{"allow":["GET"]}}],"collection":[{"href":"https:\/\/07capital.ca\/fr\/wp-json\/wp\/v2\/pages"}],"about":[{"href":"https:\/\/07capital.ca\/fr\/wp-json\/wp\/v2\/types\/page"}],"author":[{"embeddable":true,"href":"https:\/\/07capital.ca\/fr\/wp-json\/wp\/v2\/users\/1"}],"replies":[{"embeddable":true,"href":"https:\/\/07capital.ca\/fr\/wp-json\/wp\/v2\/comments?post=1080"}],"version-history":[{"count":0,"href":"https:\/\/07capital.ca\/fr\/wp-json\/wp\/v2\/pages\/1080\/revisions"}],"wp:attachment":[{"href":"https:\/\/07capital.ca\/fr\/wp-json\/wp\/v2\/media?parent=1080"}],"curies":[{"name":"wp","href":"https:\/\/api.w.org\/{rel}","templated":true}]}}