{"id":1086,"date":"2022-12-21T09:06:02","date_gmt":"2022-12-21T14:06:02","guid":{"rendered":"https:\/\/07capital.ca\/faq\/"},"modified":"2023-01-18T13:27:47","modified_gmt":"2023-01-18T18:27:47","slug":"faq","status":"publish","type":"page","link":"https:\/\/07capital.ca\/fr\/faq\/","title":{"rendered":"FAQ"},"content":{"rendered":"\t\t<div data-elementor-type=\"wp-page\" data-elementor-id=\"1086\" class=\"elementor elementor-1086 elementor-19\" data-elementor-post-type=\"page\">\n\t\t\t\t\t\t<section data-dce-background-image-url=\"http:\/\/07capital.ca\/wp-content\/uploads\/2022\/12\/07c_img_kitchen.jpg\" class=\"elementor-section elementor-top-section elementor-element elementor-element-c0590e6 elementor-section-height-min-height elementor-section-full_width elementor-section-items-stretch elementor-section-content-middle overflow-hidden elementor-section-height-default\" data-id=\"c0590e6\" data-element_type=\"section\" data-e-type=\"section\" data-settings=\"{&quot;background_background&quot;:&quot;classic&quot;}\">\n\t\t\t\t\t\t\t<div class=\"elementor-background-overlay\"><\/div>\n\t\t\t\t\t\t\t<div class=\"elementor-container elementor-column-gap-default\">\n\t\t\t\t\t<div class=\"elementor-column elementor-col-100 elementor-top-column elementor-element elementor-element-53beb72\" data-id=\"53beb72\" data-element_type=\"column\" data-e-type=\"column\">\n\t\t\t<div class=\"elementor-widget-wrap elementor-element-populated\">\n\t\t\t\t\t\t<section class=\"elementor-section elementor-inner-section elementor-element elementor-element-f49628c elementor-section-boxed elementor-section-height-default elementor-section-height-default\" data-id=\"f49628c\" data-element_type=\"section\" data-e-type=\"section\" data-settings=\"{&quot;background_background&quot;:&quot;classic&quot;}\">\n\t\t\t\t\t\t\t<div class=\"elementor-background-overlay\"><\/div>\n\t\t\t\t\t\t\t<div class=\"elementor-container elementor-column-gap-default\">\n\t\t\t\t\t<div class=\"elementor-column elementor-col-100 elementor-inner-column elementor-element elementor-element-ddb24ef\" data-id=\"ddb24ef\" data-element_type=\"column\" data-e-type=\"column\">\n\t\t\t<div class=\"elementor-widget-wrap elementor-element-populated\">\n\t\t\t\t\t\t\t<\/div>\n\t\t<\/div>\n\t\t\t\t\t<\/div>\n\t\t<\/section>\n\t\t\t\t<div class=\"elementor-element elementor-element-00dd7bd elementor-widget__width-auto elementor-absolute animated-slow elementor-invisible elementor-widget elementor-widget-image\" data-id=\"00dd7bd\" data-element_type=\"widget\" data-e-type=\"widget\" data-settings=\"{&quot;_position&quot;:&quot;absolute&quot;,&quot;_animation&quot;:&quot;rotateIn&quot;,&quot;_animation_delay&quot;:1000}\" data-widget_type=\"image.default\">\n\t\t\t\t<div class=\"elementor-widget-container\">\n\t\t\t\t\t\t\t\t\t\t\t\t\t\t\t<img fetchpriority=\"high\" decoding=\"async\" width=\"715\" height=\"714\" src=\"https:\/\/07capital.ca\/wp-content\/uploads\/2022\/12\/07c-detail-explosion-white.svg\" class=\"attachment-large size-large wp-image-1054\" alt=\"\" \/>\t\t\t\t\t\t\t\t\t\t\t\t\t\t\t<\/div>\n\t\t\t\t<\/div>\n\t\t\t\t<div class=\"elementor-element elementor-element-ea2ac5b elementor-widget__width-auto elementor-absolute animated-slow elementor-invisible elementor-widget elementor-widget-image\" data-id=\"ea2ac5b\" data-element_type=\"widget\" data-e-type=\"widget\" data-settings=\"{&quot;_position&quot;:&quot;absolute&quot;,&quot;_animation&quot;:&quot;fadeInUp&quot;,&quot;_animation_delay&quot;:1000}\" data-widget_type=\"image.default\">\n\t\t\t\t<div class=\"elementor-widget-container\">\n\t\t\t\t\t\t\t\t\t\t\t\t\t\t\t<img decoding=\"async\" width=\"800\" height=\"325\" src=\"https:\/\/07capital.ca\/wp-content\/uploads\/2022\/12\/07c-detail-logo.svg\" class=\"attachment-large size-large wp-image-1055\" alt=\"\" \/>\t\t\t\t\t\t\t\t\t\t\t\t\t\t\t<\/div>\n\t\t\t\t<\/div>\n\t\t\t\t\t<\/div>\n\t\t<\/div>\n\t\t\t\t\t<\/div>\n\t\t<\/section>\n\t\t\t\t<section class=\"elementor-section elementor-top-section elementor-element elementor-element-aacfb44 elementor-section-full_width overflow-hidden elementor-section-height-default elementor-section-height-default\" data-id=\"aacfb44\" data-element_type=\"section\" data-e-type=\"section\">\n\t\t\t\t\t\t<div class=\"elementor-container elementor-column-gap-default\">\n\t\t\t\t\t<div class=\"elementor-column elementor-col-100 elementor-top-column elementor-element elementor-element-13bad82\" data-id=\"13bad82\" data-element_type=\"column\" data-e-type=\"column\">\n\t\t\t<div class=\"elementor-widget-wrap elementor-element-populated\">\n\t\t\t\t\t\t<section class=\"elementor-section elementor-inner-section elementor-element elementor-element-697e31a elementor-section-content-middle elementor-section-boxed elementor-section-height-default elementor-section-height-default\" data-id=\"697e31a\" data-element_type=\"section\" data-e-type=\"section\">\n\t\t\t\t\t\t<div class=\"elementor-container elementor-column-gap-default\">\n\t\t\t\t\t<div class=\"elementor-column elementor-col-33 elementor-inner-column elementor-element elementor-element-0b90cae animated-slow elementor-invisible\" data-id=\"0b90cae\" data-element_type=\"column\" data-e-type=\"column\" data-settings=\"{&quot;background_background&quot;:&quot;classic&quot;,&quot;animation&quot;:&quot;zoomIn&quot;}\">\n\t\t\t<div class=\"elementor-widget-wrap elementor-element-populated\">\n\t\t\t\t\t\t<div class=\"elementor-element elementor-element-863781c elementor-widget__width-auto elementor-absolute elementor-widget elementor-widget-image\" data-id=\"863781c\" data-element_type=\"widget\" data-e-type=\"widget\" data-settings=\"{&quot;_position&quot;:&quot;absolute&quot;}\" data-widget_type=\"image.default\">\n\t\t\t\t<div class=\"elementor-widget-container\">\n\t\t\t\t\t\t\t\t\t\t\t\t\t\t\t<img decoding=\"async\" width=\"46\" height=\"46\" src=\"https:\/\/07capital.ca\/wp-content\/uploads\/2022\/12\/07c-detail-circle-red.svg\" class=\"attachment-large size-large wp-image-1051\" alt=\"\" \/>\t\t\t\t\t\t\t\t\t\t\t\t\t\t\t<\/div>\n\t\t\t\t<\/div>\n\t\t\t\t<div class=\"elementor-element elementor-element-ac4f5e4 elementor-widget__width-auto elementor-absolute elementor-widget elementor-widget-image\" data-id=\"ac4f5e4\" data-element_type=\"widget\" data-e-type=\"widget\" data-settings=\"{&quot;_position&quot;:&quot;absolute&quot;}\" data-widget_type=\"image.default\">\n\t\t\t\t<div class=\"elementor-widget-container\">\n\t\t\t\t\t\t\t\t\t\t\t\t\t\t\t<img loading=\"lazy\" decoding=\"async\" width=\"46\" height=\"46\" src=\"https:\/\/07capital.ca\/wp-content\/uploads\/2022\/12\/07c-detail-circle-black.svg\" class=\"attachment-large size-large wp-image-1050\" alt=\"\" \/>\t\t\t\t\t\t\t\t\t\t\t\t\t\t\t<\/div>\n\t\t\t\t<\/div>\n\t\t\t\t<div class=\"elementor-element elementor-element-107cde7 animated-slow elementor-invisible elementor-widget elementor-widget-heading\" data-id=\"107cde7\" data-element_type=\"widget\" data-e-type=\"widget\" data-settings=\"{&quot;_animation&quot;:&quot;fadeInUp&quot;}\" data-widget_type=\"heading.default\">\n\t\t\t\t<div class=\"elementor-widget-container\">\n\t\t\t\t\t<h6 class=\"elementor-heading-title elementor-size-default\">FAQ<\/h6>\t\t\t\t<\/div>\n\t\t\t\t<\/div>\n\t\t\t\t<div class=\"elementor-element elementor-element-b29c481 animated-slow elementor-invisible elementor-widget elementor-widget-heading\" data-id=\"b29c481\" data-element_type=\"widget\" data-e-type=\"widget\" data-settings=\"{&quot;_animation&quot;:&quot;fadeInUp&quot;,&quot;_animation_delay&quot;:80}\" data-widget_type=\"heading.default\">\n\t\t\t\t<div class=\"elementor-widget-container\">\n\t\t\t\t\t<h2 class=\"elementor-heading-title elementor-size-default\">Nous avons les r\u00e9ponses.<\/h2>\t\t\t\t<\/div>\n\t\t\t\t<\/div>\n\t\t\t\t<div class=\"elementor-element elementor-element-64b8c18 elementor-widget elementor-widget-image\" data-id=\"64b8c18\" data-element_type=\"widget\" data-e-type=\"widget\" data-widget_type=\"image.default\">\n\t\t\t\t<div class=\"elementor-widget-container\">\n\t\t\t\t\t\t\t\t\t\t\t\t\t\t\t<img loading=\"lazy\" decoding=\"async\" width=\"2000\" height=\"928\" src=\"https:\/\/07capital.ca\/wp-content\/uploads\/2022\/12\/07c_img_kitchen.jpg\" class=\"attachment-full size-full wp-image-1045\" alt=\"\" srcset=\"https:\/\/07capital.ca\/wp-content\/uploads\/2022\/12\/07c_img_kitchen.jpg 2000w, https:\/\/07capital.ca\/wp-content\/uploads\/2022\/12\/07c_img_kitchen-300x139.jpg 300w, https:\/\/07capital.ca\/wp-content\/uploads\/2022\/12\/07c_img_kitchen-1024x475.jpg 1024w, https:\/\/07capital.ca\/wp-content\/uploads\/2022\/12\/07c_img_kitchen-768x356.jpg 768w, https:\/\/07capital.ca\/wp-content\/uploads\/2022\/12\/07c_img_kitchen-1536x713.jpg 1536w\" sizes=\"(max-width: 2000px) 100vw, 2000px\" \/>\t\t\t\t\t\t\t\t\t\t\t\t\t\t\t<\/div>\n\t\t\t\t<\/div>\n\t\t\t\t\t<\/div>\n\t\t<\/div>\n\t\t\t\t<div class=\"elementor-column elementor-col-66 elementor-inner-column elementor-element elementor-element-92964c8\" data-id=\"92964c8\" data-element_type=\"column\" data-e-type=\"column\">\n\t\t\t<div class=\"elementor-widget-wrap elementor-element-populated\">\n\t\t\t\t\t\t<div class=\"elementor-element elementor-element-b1bd1a8 animated-slow elementor-invisible elementor-widget elementor-widget-global elementor-global-1094 elementor-global-349 elementor-widget-elementskit-accordion\" data-id=\"b1bd1a8\" data-element_type=\"widget\" data-e-type=\"widget\" data-settings=\"{&quot;_animation&quot;:&quot;zoomIn&quot;,&quot;_animation_delay&quot;:200}\" data-widget_type=\"elementskit-accordion.default\">\n\t\t\t\t<div class=\"elementor-widget-container\">\n\t\t\t\t\t<div class=\"ekit-wid-con\" >\n        <div class=\"elementskit-accordion accoedion-primary\" id=\"accordion-69fb3a88ecd22\">\n\n            \n                <div class=\"elementskit-card active\">\n                    <div class=\"elementskit-card-header\" id=\"primaryHeading-0-b1bd1a8\">\n                        <a href=\"#collapse-881ad4869fb3a88ecd22\" class=\"ekit-accordion--toggler elementskit-btn-link collapsed\" data-ekit-toggle=\"collapse\" data-target=\"#Collapse-881ad4869fb3a88ecd22\" aria-expanded=\"true\" aria-controls=\"Collapse-881ad4869fb3a88ecd22\">\n                            \n                            <span class=\"ekit-accordion-title\">Est-ce que j\u2019ai besoin d&#039;un gestionnaire immobilier? <\/span>\n\n                            \n                                <div class=\"ekit_accordion_icon_group\">\n                                    <div class=\"ekit_accordion_normal_icon\">\n                                        <!-- Normal Icon -->\n\t\t\t\t\t\t\t\t\t\t<i class=\"icon icon-plus\"><\/i>                                    <\/div>\n\n                                    <div class=\"ekit_accordion_active_icon\">\n                                        <!-- Active Icon -->\n\t\t\t\t\t\t\t\t\t\t<i class=\"icon icon-minus\"><\/i>                                    <\/div>\n                                <\/div>\n\n                            \n                                                    <\/a>\n                    <\/div>\n\n                    <div id=\"Collapse-881ad4869fb3a88ecd22\" class=\" show collapse\" aria-labelledby=\"primaryHeading-0-b1bd1a8\" data-parent=\"#accordion-69fb3a88ecd22\">\n\n                        <div class=\"elementskit-card-body ekit-accordion--content\">\n                            <p>Souhaitez-vous parfois avoir plus de temps pour votre travail, votre famille et vos amiti\u00e9s, ou simplement pour avoir du temps libre? Trouver l\u2019\u00e9quilibre parfait peut \u00eatre difficile lorsque nous essayons de g\u00e9rer des locations immobili\u00e8res. Tous les locataires, qu'ils soient bons ou mauvais, ont besoin de votre pr\u00e9cieux temps. Offrir un service de qualit\u00e9 \u00e0 vos investissements immobiliers peut faire la diff\u00e9rence entre un bon et un mauvais investissement.<\/p>\n                        <\/div>\n\n                    <\/div>\n\n                <\/div><!-- .elementskit-card END -->\n\n                \n                <div class=\"elementskit-card \">\n                    <div class=\"elementskit-card-header\" id=\"primaryHeading-1-b1bd1a8\">\n                        <a href=\"#collapse-d3caf5b69fb3a88ecd22\" class=\"ekit-accordion--toggler elementskit-btn-link collapsed\" data-ekit-toggle=\"collapse\" data-target=\"#Collapse-d3caf5b69fb3a88ecd22\" aria-expanded=\"false\" aria-controls=\"Collapse-d3caf5b69fb3a88ecd22\">\n                            \n                            <span class=\"ekit-accordion-title\">Quels sont les avantages d\u2019un gestionnaire immobilier?<\/span>\n\n                            \n                                <div class=\"ekit_accordion_icon_group\">\n                                    <div class=\"ekit_accordion_normal_icon\">\n                                        <!-- Normal Icon -->\n\t\t\t\t\t\t\t\t\t\t<i class=\"icon icon-plus\"><\/i>                                    <\/div>\n\n                                    <div class=\"ekit_accordion_active_icon\">\n                                        <!-- Active Icon -->\n\t\t\t\t\t\t\t\t\t\t<i class=\"icon icon-minus\"><\/i>                                    <\/div>\n                                <\/div>\n\n                            \n                                                    <\/a>\n                    <\/div>\n\n                    <div id=\"Collapse-d3caf5b69fb3a88ecd22\" class=\" collapse\" aria-labelledby=\"primaryHeading-1-b1bd1a8\" data-parent=\"#accordion-69fb3a88ecd22\">\n\n                        <div class=\"elementskit-card-body ekit-accordion--content\">\n                            <p>Un gestionnaire immobilier peut offrir un service de qualit\u00e9 sup\u00e9rieure pour vous aider \u00e0 g\u00e9rer la location d\u2019une maison unifamiliale, d\u2019un duplex, d\u2019un 10-plex ou plus. Nous sommes toujours disponibles pour vous et vos propri\u00e9t\u00e9s et pouvons vous lib\u00e9rer afin que vous ayez plus de TEMPS \u00e0 consacrer aux choses qui sont importantes pour vous et votre famille.<\/p>\n                        <\/div>\n\n                    <\/div>\n\n                <\/div><!-- .elementskit-card END -->\n\n                \n                <div class=\"elementskit-card \">\n                    <div class=\"elementskit-card-header\" id=\"primaryHeading-2-b1bd1a8\">\n                        <a href=\"#collapse-6559b8769fb3a88ecd22\" class=\"ekit-accordion--toggler elementskit-btn-link collapsed\" data-ekit-toggle=\"collapse\" data-target=\"#Collapse-6559b8769fb3a88ecd22\" aria-expanded=\"false\" aria-controls=\"Collapse-6559b8769fb3a88ecd22\">\n                            \n                            <span class=\"ekit-accordion-title\">Comment fonctionne ce processus?<\/span>\n\n                            \n                                <div class=\"ekit_accordion_icon_group\">\n                                    <div class=\"ekit_accordion_normal_icon\">\n                                        <!-- Normal Icon -->\n\t\t\t\t\t\t\t\t\t\t<i class=\"icon icon-plus\"><\/i>                                    <\/div>\n\n                                    <div class=\"ekit_accordion_active_icon\">\n                                        <!-- Active Icon -->\n\t\t\t\t\t\t\t\t\t\t<i class=\"icon icon-minus\"><\/i>                                    <\/div>\n                                <\/div>\n\n                            \n                                                    <\/a>\n                    <\/div>\n\n                    <div id=\"Collapse-6559b8769fb3a88ecd22\" class=\" collapse\" aria-labelledby=\"primaryHeading-2-b1bd1a8\" data-parent=\"#accordion-69fb3a88ecd22\">\n\n                        <div class=\"elementskit-card-body ekit-accordion--content\">\n                            <p>C\u2019est tr\u00e8s simple. Il suffit de <a href=\"https:\/\/07capital.ca\/fr\/contact\/\">remplir le formulaire<\/a> et nous vous contacterons en moins de 24 heures pour discuter de votre situation personnelle et d\u2019\u00e9valuer vos besoins immobiliers. Ensuite, vous pourrez nous confier toutes ces situations stressantes et nous laisser faire ce que nous faisons de mieux. Le temps est si pr\u00e9cieux. Laissez les experts continuer \u00e0 faire fructifier vos investissements pour vous.<\/p>\n                        <\/div>\n\n                    <\/div>\n\n                <\/div><!-- .elementskit-card END -->\n\n                                        <\/div>\n    <\/div>\t\t\t\t<\/div>\n\t\t\t\t<\/div>\n\t\t\t\t\t<\/div>\n\t\t<\/div>\n\t\t\t\t\t<\/div>\n\t\t<\/section>\n\t\t\t\t<div class=\"elementor-element elementor-element-f0a109a elementor-widget__width-auto elementor-absolute animated-slow elementor-invisible elementor-widget elementor-widget-image\" data-id=\"f0a109a\" data-element_type=\"widget\" data-e-type=\"widget\" data-settings=\"{&quot;_position&quot;:&quot;absolute&quot;,&quot;_animation&quot;:&quot;rotateIn&quot;,&quot;_animation_delay&quot;:1000}\" data-widget_type=\"image.default\">\n\t\t\t\t<div class=\"elementor-widget-container\">\n\t\t\t\t\t\t\t\t\t\t\t\t\t\t\t<img loading=\"lazy\" decoding=\"async\" width=\"715\" height=\"714\" src=\"https:\/\/07capital.ca\/wp-content\/uploads\/2022\/12\/07c-detail-explosion-gray.svg\" class=\"attachment-large size-large wp-image-1053\" alt=\"\" \/>\t\t\t\t\t\t\t\t\t\t\t\t\t\t\t<\/div>\n\t\t\t\t<\/div>\n\t\t\t\t\t<\/div>\n\t\t<\/div>\n\t\t\t\t\t<\/div>\n\t\t<\/section>\n\t\t\t\t<\/div>\n\t\t","protected":false},"excerpt":{"rendered":"<p>FAQ Nous avons les r\u00e9ponses. Do I need a property manager? Do you ever wish you had more time for your work, your family, and your friendships or just to have some down time? Finding the perfect balance can be difficult when we try to manage real estate rentals. All tenants, whether good or bad, [&hellip;]<\/p>\n","protected":false},"author":1,"featured_media":0,"parent":0,"menu_order":0,"comment_status":"closed","ping_status":"closed","template":"","meta":{"_acf_changed":false,"_seopress_robots_primary_cat":"","_seopress_titles_title":"","_seopress_titles_desc":"Ai-je besoin d'un administrateur de biens ? Quels sont les avantages d'un gestionnaire immobilier ? Comment fonctionne le processus ? Nous avons les r\u00e9ponses \u00e0 vos questions !","_seopress_robots_index":"","footnotes":""},"class_list":["post-1086","page","type-page","status-publish","hentry"],"acf":[],"_links":{"self":[{"href":"https:\/\/07capital.ca\/fr\/wp-json\/wp\/v2\/pages\/1086","targetHints":{"allow":["GET"]}}],"collection":[{"href":"https:\/\/07capital.ca\/fr\/wp-json\/wp\/v2\/pages"}],"about":[{"href":"https:\/\/07capital.ca\/fr\/wp-json\/wp\/v2\/types\/page"}],"author":[{"embeddable":true,"href":"https:\/\/07capital.ca\/fr\/wp-json\/wp\/v2\/users\/1"}],"replies":[{"embeddable":true,"href":"https:\/\/07capital.ca\/fr\/wp-json\/wp\/v2\/comments?post=1086"}],"version-history":[{"count":0,"href":"https:\/\/07capital.ca\/fr\/wp-json\/wp\/v2\/pages\/1086\/revisions"}],"wp:attachment":[{"href":"https:\/\/07capital.ca\/fr\/wp-json\/wp\/v2\/media?parent=1086"}],"curies":[{"name":"wp","href":"https:\/\/api.w.org\/{rel}","templated":true}]}}